{"id":2,"date":"2023-05-21T21:43:53","date_gmt":"2023-05-21T21:43:53","guid":{"rendered":"https:\/\/www.zascitnik.si\/?page_id=2"},"modified":"2025-01-17T13:28:15","modified_gmt":"2025-01-17T11:28:15","slug":"sample-page","status":"publish","type":"page","link":"https:\/\/www.zascitnik.si\/","title":{"rendered":"KAJ JE PROGRAM ZA\u0160\u010cITNIK"},"content":{"rendered":"\n<p>Za\u0161\u010ditnik je program, ki je namenjen preventivnemu delovanju na podro\u010dju prepre\u010devanje trgovine z ljudmi. Skladno z veljavno doma\u010do in tujo zakonodajo se Za\u0161\u010ditnik ukvarja z ozave\u0161\u010danjem splo\u0161ne javnosti, o pojavnosti trgovine z ljudmi in skrbi za pou\u010devanje, ki se redno sre\u010dujejo z razli\u010dnimi socialnimi strukturami. S svojim delovanjem, na preventivnem podro\u010dju, Za\u0161\u010ditnik usmerja svojo pozornost predvsem v \u0161iritev splo\u0161nega znanja o pojavnosti trgovine z ljudmi in sisteme preventivnega delovanja skrbi, da so razli\u010dne skupine ljudi kar se da dobro ozave\u0161\u010dene in obve\u0161\u010dene o morebitnih tveganjih pri trgovini z ljudmi.<\/p>\n\n\n\n<blockquote class=\"wp-block-quote is-layout-flow wp-block-quote-is-layout-flow\">\n<p>Znanje in zavedanje o obstoju trgovine z ljudmi, je pomembno za razvoj dru\u017ebe z ni\u010delno toleranco do tovrstnih nelegalnih dejavnosti.<\/p>\n<cite>Sledite na\u0161emu programu in se izobra\u017eujte za bolj\u0161i jutri.<\/cite><\/blockquote>\n\n\n\n<blockquote class=\"wp-block-quote is-layout-flow wp-block-quote-is-layout-flow\">\n<p>Potrebujete dodatno znanje s podro\u010dja prepre\u010devanja trgovine z ljudmi?<\/p>\n<cite>pi\u0161ite na na\u0161 elektronski naslov <a href=\"mailto:info@zascitnik.si\">info@zascitnik.si<\/a>, ki ga najdete tudi na vrhu na\u0161e spletne strani in se pozanimajte kako do predavanja. Predavanja so namenjena starostnim skupinam od 10 let naprej in so prilagojena za vsako starostno skupino posebej. <\/cite><\/blockquote>\n\n\n\n<p>Imate Podjetje in bi \u017eeleli svojim zaposlenim ponuditi mo\u017enost dodatnega osebnega razvoja? Pi\u0161ite nam in dogovorili se bomo za termin predavanja. Kliknite na zavihek <a href=\"https:\/\/www.zascitnik.si\/index.php\/predavanja\/\" data-type=\"page\" data-id=\"81\">PREDAVANJA<\/a>.<\/p>\n","protected":false},"excerpt":{"rendered":"<p>Za\u0161\u010ditnik je program, ki je namenjen preventivnemu delovanju na podro\u010dju prepre\u010devanje trgovine z ljudmi. Skladno z veljavno doma\u010do in tujo zakonodajo se<\/p>\n<p class=\"link-more\"><a class=\"myButt \" href=\"https:\/\/www.zascitnik.si\/\">Read More<\/a><\/p>\n","protected":false},"author":2,"featured_media":0,"parent":0,"menu_order":0,"comment_status":"closed","ping_status":"open","template":"","meta":{"footnotes":""},"class_list":["post-2","page","type-page","status-publish","hentry"],"_links":{"self":[{"href":"https:\/\/www.zascitnik.si\/index.php\/wp-json\/wp\/v2\/pages\/2","targetHints":{"allow":["GET"]}}],"collection":[{"href":"https:\/\/www.zascitnik.si\/index.php\/wp-json\/wp\/v2\/pages"}],"about":[{"href":"https:\/\/www.zascitnik.si\/index.php\/wp-json\/wp\/v2\/types\/page"}],"author":[{"embeddable":true,"href":"https:\/\/www.zascitnik.si\/index.php\/wp-json\/wp\/v2\/users\/2"}],"replies":[{"embeddable":true,"href":"https:\/\/www.zascitnik.si\/index.php\/wp-json\/wp\/v2\/comments?post=2"}],"version-history":[{"count":8,"href":"https:\/\/www.zascitnik.si\/index.php\/wp-json\/wp\/v2\/pages\/2\/revisions"}],"predecessor-version":[{"id":127,"href":"https:\/\/www.zascitnik.si\/index.php\/wp-json\/wp\/v2\/pages\/2\/revisions\/127"}],"wp:attachment":[{"href":"https:\/\/www.zascitnik.si\/index.php\/wp-json\/wp\/v2\/media?parent=2"}],"curies":[{"name":"wp","href":"https:\/\/api.w.org\/{rel}","templated":true}]}}