{"id":22,"date":"2023-05-31T06:40:16","date_gmt":"2023-05-31T04:40:16","guid":{"rendered":"https:\/\/www.zascitnik.si\/?page_id=22"},"modified":"2025-01-17T13:29:34","modified_gmt":"2025-01-17T11:29:34","slug":"ambasadorji","status":"publish","type":"page","link":"https:\/\/www.zascitnik.si\/index.php\/ambasadorji\/","title":{"rendered":"NA\u0160I AMBASADORJI"},"content":{"rendered":"\n<h4 class=\"wp-block-heading\">Kdo so ambasadorji?<\/h4>\n\n\n\n<p>Ambasadorji so na\u0161e zveste \u010dlanice in zvesti \u010dlani, ki aktivno sodelujejo pri promociji programa Za\u0161\u010ditnik. Njihove naloge so preproste in dru\u017eabno usmerjene. Ambasadorji predstavljajo cilje in naloge programa svoji bli\u017enji okolici in skrbijo za to, da se na koordiniran na\u010din \u0161irijo informacije o nevarnostih trgovine z ljudmi ter o tem kako prepoznati \u017ertve in jih ustrezno pomagati.\u00a0<\/p>\n\n\n\n<h4 class=\"wp-block-heading\">Ambasadorje delimo v tri skupine:<\/h4>\n\n\n\n<figure class=\"wp-block-table aligncenter\"><table><tbody><tr><td class=\"has-text-align-center\" data-align=\"center\">JUNIOR AMBASADORJI<\/td><td class=\"has-text-align-center\" data-align=\"center\">AMBASADORJI<\/td><td class=\"has-text-align-center\" data-align=\"center\">SENJOR AMBASADORJI<\/td><\/tr><tr><td class=\"has-text-align-center\" data-align=\"center\">Otroci 7., 8. in 9. razreda osnovne \u0161ole<\/td><td class=\"has-text-align-center\" data-align=\"center\">Srednje\u0161olska mladina<\/td><td class=\"has-text-align-center\" data-align=\"center\">\u0160tudentje in odrasle osebe<\/td><\/tr><\/tbody><\/table><figcaption class=\"wp-element-caption\">AMBASADORJI SO ZELO POMEMBEN DEL PROGRAMA ZA\u0160\u010cITNIK<\/figcaption><\/figure>\n\n\n\n<div class=\"wp-block-columns is-layout-flex wp-container-core-columns-is-layout-9d6595d7 wp-block-columns-is-layout-flex\">\n<div class=\"wp-block-column is-layout-flow wp-block-column-is-layout-flow\">\n<h2 class=\"wp-block-heading has-text-align-center\"><a href=\"https:\/\/www.zascitnik.si\/index.php\/junior-ambasadorji\/\" data-type=\"URL\" data-id=\"https:\/\/www.zascitnik.si\/index.php\/junior-ambasadorji\/\">JUNIOR AMBASADORJI<\/a><\/h2>\n<\/div>\n\n\n\n<div class=\"wp-block-column is-layout-flow wp-block-column-is-layout-flow\">\n<h2 class=\"wp-block-heading has-text-align-center\"><a href=\"https:\/\/www.zascitnik.si\/index.php\/ambasadorji-2\/\">AMBASADORJI<\/a><\/h2>\n<\/div>\n\n\n\n<div class=\"wp-block-column is-layout-flow wp-block-column-is-layout-flow\">\n<h2 class=\"wp-block-heading has-text-align-center\"><a href=\"https:\/\/www.zascitnik.si\/index.php\/senjor-ambasadorji\/\">SENIOR AMBASADORJI<\/a><\/h2>\n<\/div>\n<\/div>\n","protected":false},"excerpt":{"rendered":"<p>Kdo so ambasadorji? Ambasadorji so na\u0161e zveste \u010dlanice in zvesti \u010dlani, ki aktivno sodelujejo pri promociji programa Za\u0161\u010ditnik. Njihove naloge so preproste<\/p>\n<p class=\"link-more\"><a class=\"myButt \" href=\"https:\/\/www.zascitnik.si\/index.php\/ambasadorji\/\">Read More<\/a><\/p>\n","protected":false},"author":2,"featured_media":0,"parent":0,"menu_order":0,"comment_status":"closed","ping_status":"closed","template":"","meta":{"footnotes":""},"class_list":["post-22","page","type-page","status-publish","hentry"],"_links":{"self":[{"href":"https:\/\/www.zascitnik.si\/index.php\/wp-json\/wp\/v2\/pages\/22","targetHints":{"allow":["GET"]}}],"collection":[{"href":"https:\/\/www.zascitnik.si\/index.php\/wp-json\/wp\/v2\/pages"}],"about":[{"href":"https:\/\/www.zascitnik.si\/index.php\/wp-json\/wp\/v2\/types\/page"}],"author":[{"embeddable":true,"href":"https:\/\/www.zascitnik.si\/index.php\/wp-json\/wp\/v2\/users\/2"}],"replies":[{"embeddable":true,"href":"https:\/\/www.zascitnik.si\/index.php\/wp-json\/wp\/v2\/comments?post=22"}],"version-history":[{"count":8,"href":"https:\/\/www.zascitnik.si\/index.php\/wp-json\/wp\/v2\/pages\/22\/revisions"}],"predecessor-version":[{"id":129,"href":"https:\/\/www.zascitnik.si\/index.php\/wp-json\/wp\/v2\/pages\/22\/revisions\/129"}],"wp:attachment":[{"href":"https:\/\/www.zascitnik.si\/index.php\/wp-json\/wp\/v2\/media?parent=22"}],"curies":[{"name":"wp","href":"https:\/\/api.w.org\/{rel}","templated":true}]}}