{"id":48,"date":"2023-05-31T07:21:15","date_gmt":"2023-05-31T05:21:15","guid":{"rendered":"https:\/\/www.zascitnik.si\/?page_id=48"},"modified":"2023-08-28T16:02:35","modified_gmt":"2023-08-28T14:02:35","slug":"podporniki","status":"publish","type":"page","link":"https:\/\/www.zascitnik.si\/index.php\/podporniki\/","title":{"rendered":"PODPORNIKI"},"content":{"rendered":"<div class=\"wp-block-image\">\n<figure class=\"aligncenter size-large is-resized\"><a href=\"https:\/\/varnostno-zdruzenje.si\" target=\"_blank\" rel=\"noreferrer noopener\"><img loading=\"lazy\" decoding=\"async\" src=\"https:\/\/www.zascitnik.si\/wp-content\/uploads\/2023\/05\/VZS-997x1024.jpg\" alt=\"\" class=\"wp-image-51\" style=\"width:249px;height:256px\" width=\"249\" height=\"256\" srcset=\"https:\/\/www.zascitnik.si\/wp-content\/uploads\/2023\/05\/VZS-997x1024.jpg 997w, https:\/\/www.zascitnik.si\/wp-content\/uploads\/2023\/05\/VZS-292x300.jpg 292w, https:\/\/www.zascitnik.si\/wp-content\/uploads\/2023\/05\/VZS-768x789.jpg 768w, https:\/\/www.zascitnik.si\/wp-content\/uploads\/2023\/05\/VZS-1496x1536.jpg 1496w, https:\/\/www.zascitnik.si\/wp-content\/uploads\/2023\/05\/VZS-1994x2048.jpg 1994w\" sizes=\"auto, (max-width: 249px) 100vw, 249px\" \/><\/a><\/figure>\n<\/div>\n\n\n<div class=\"wp-block-media-text alignwide is-stacked-on-mobile\" style=\"grid-template-columns:23% auto\"><figure class=\"wp-block-media-text__media\"><img loading=\"lazy\" decoding=\"async\" width=\"945\" height=\"801\" src=\"https:\/\/www.zascitnik.si\/wp-content\/uploads\/2023\/05\/LOGO.jpg\" alt=\"\" class=\"wp-image-8 size-full\" srcset=\"https:\/\/www.zascitnik.si\/wp-content\/uploads\/2023\/05\/LOGO.jpg 945w, https:\/\/www.zascitnik.si\/wp-content\/uploads\/2023\/05\/LOGO-300x254.jpg 300w, https:\/\/www.zascitnik.si\/wp-content\/uploads\/2023\/05\/LOGO-768x651.jpg 768w\" sizes=\"auto, (max-width: 945px) 100vw, 945px\" \/><\/figure><div class=\"wp-block-media-text__content\">\n<p>Varnostno zdru\u017eenje Slovenije vas vabi, da postanete podpornik programa Za\u0161\u010ditnik, ki se ukvarja s preventivnim delovanjem na podro\u010dju prepre\u010devanje trgovine z ljudmi, ki je izjemno velik globalni problem. Za ve\u010d informacije nas lahko kontaktirate na e po\u0161tni naslov ali telefonsko \u0161tevilko, ki sta objavljeni na vrhu na\u0161e spletne strani.<\/p>\n<\/div><\/div>\n\n\n\n<hr class=\"wp-block-separator aligncenter has-alpha-channel-opacity\"\/>\n\n\n\n<div class=\"wp-block-media-text alignwide is-stacked-on-mobile\" style=\"grid-template-columns:22% auto\"><figure class=\"wp-block-media-text__media\"><img loading=\"lazy\" decoding=\"async\" width=\"711\" height=\"452\" src=\"https:\/\/www.zascitnik.si\/wp-content\/uploads\/2023\/05\/7.2black.jpg\" alt=\"\" class=\"wp-image-54 size-full\" srcset=\"https:\/\/www.zascitnik.si\/wp-content\/uploads\/2023\/05\/7.2black.jpg 711w, https:\/\/www.zascitnik.si\/wp-content\/uploads\/2023\/05\/7.2black-300x191.jpg 300w\" sizes=\"auto, (max-width: 711px) 100vw, 711px\" \/><\/figure><div class=\"wp-block-media-text__content\">\n<p>Zahvaljujemo se Uro\u0161u Horvatu za izdelavo logotipa za Varnostno zdru\u017eenje Slovenije. Vabimo vas, da obi\u0161\u010dete njegovo Facebook stran.<\/p>\n\n\n\n<p><a href=\"https:\/\/www.facebook.com\/tvojdizajncom\/\">https:\/\/www.facebook.com\/tvojdizajncom\/<\/a><\/p>\n<\/div><\/div>\n","protected":false},"excerpt":{"rendered":"<p>Varnostno zdru\u017eenje Slovenije vas vabi, da postanete podpornik programa Za\u0161\u010ditnik, ki se ukvarja s preventivnim delovanjem na podro\u010dju prepre\u010devanje trgovine z ljudmi,<\/p>\n<p class=\"link-more\"><a class=\"myButt \" href=\"https:\/\/www.zascitnik.si\/index.php\/podporniki\/\">Read More<\/a><\/p>\n","protected":false},"author":2,"featured_media":0,"parent":0,"menu_order":0,"comment_status":"closed","ping_status":"closed","template":"","meta":{"footnotes":""},"class_list":["post-48","page","type-page","status-publish","hentry"],"_links":{"self":[{"href":"https:\/\/www.zascitnik.si\/index.php\/wp-json\/wp\/v2\/pages\/48","targetHints":{"allow":["GET"]}}],"collection":[{"href":"https:\/\/www.zascitnik.si\/index.php\/wp-json\/wp\/v2\/pages"}],"about":[{"href":"https:\/\/www.zascitnik.si\/index.php\/wp-json\/wp\/v2\/types\/page"}],"author":[{"embeddable":true,"href":"https:\/\/www.zascitnik.si\/index.php\/wp-json\/wp\/v2\/users\/2"}],"replies":[{"embeddable":true,"href":"https:\/\/www.zascitnik.si\/index.php\/wp-json\/wp\/v2\/comments?post=48"}],"version-history":[{"count":4,"href":"https:\/\/www.zascitnik.si\/index.php\/wp-json\/wp\/v2\/pages\/48\/revisions"}],"predecessor-version":[{"id":120,"href":"https:\/\/www.zascitnik.si\/index.php\/wp-json\/wp\/v2\/pages\/48\/revisions\/120"}],"wp:attachment":[{"href":"https:\/\/www.zascitnik.si\/index.php\/wp-json\/wp\/v2\/media?parent=48"}],"curies":[{"name":"wp","href":"https:\/\/api.w.org\/{rel}","templated":true}]}}