{"id":59,"date":"2023-05-31T10:37:39","date_gmt":"2023-05-31T08:37:39","guid":{"rendered":"https:\/\/www.zascitnik.si\/?page_id=59"},"modified":"2025-01-17T13:26:44","modified_gmt":"2025-01-17T11:26:44","slug":"junior-ambasadorji","status":"publish","type":"page","link":"https:\/\/www.zascitnik.si\/index.php\/junior-ambasadorji\/","title":{"rendered":"Junior AMBASADORJI"},"content":{"rendered":"\n<div class=\"wp-block-media-text is-stacked-on-mobile is-vertically-aligned-top\" style=\"grid-template-columns:22% auto\"><figure class=\"wp-block-media-text__media\"><img loading=\"lazy\" decoding=\"async\" width=\"463\" height=\"573\" src=\"https:\/\/www.zascitnik.si\/wp-content\/uploads\/2023\/05\/JUNIOR-AMBASADOR.jpg\" alt=\"\" class=\"wp-image-60 size-full\" srcset=\"https:\/\/www.zascitnik.si\/wp-content\/uploads\/2023\/05\/JUNIOR-AMBASADOR.jpg 463w, https:\/\/www.zascitnik.si\/wp-content\/uploads\/2023\/05\/JUNIOR-AMBASADOR-242x300.jpg 242w\" sizes=\"auto, (max-width: 463px) 100vw, 463px\" \/><\/figure><div class=\"wp-block-media-text__content\">\n<p class=\"has-text-align-right\">Postani Junior AMBASADOR in pomagaj pri promociji projekta Za\u0161\u010ditnik. Biti ambasador je izjemno pomembna in predvsem \u010dastna naloga, ki jo opravlja nekdo, ki je odgovoren in se zaveda, da bo s svojim po\u010detjem pomagal za dobrobit vseh in ustvarjal bolj\u0161i jutri.<\/p>\n\n\n\n<p>Da lahko postane\u0161 ambasadorka ali ambasador, potrebujemo soglasje star\u0161ev ali skrbnikov. Z njihovim dovoljenjem, bo na tej strani objavljena tudi tvoja osebna fotografija s pripisom imena in priimka.<\/p>\n<\/div><\/div>\n\n\n<div class=\"wpforms-container wpforms-container-full wpforms-block wpforms-block-f6692fc4-f58f-4f5a-9bad-80a7be4445ee wpforms-render-modern\" id=\"wpforms-89\"><form id=\"wpforms-form-89\" class=\"wpforms-validate wpforms-form wpforms-ajax-form\" data-formid=\"89\" method=\"post\" enctype=\"multipart\/form-data\" action=\"\/index.php\/wp-json\/wp\/v2\/pages\/59\" data-token=\"6cb94bffda25a21356f602ebc78dfcb0\" data-token-time=\"1777520492\"><noscript class=\"wpforms-error-noscript\">Please enable JavaScript in your browser to complete this form.<\/noscript><div id=\"wpforms-error-noscript\" style=\"display: none;\">Please enable JavaScript in your browser to complete this form.<\/div><div class=\"wpforms-field-container\"><div id=\"wpforms-89-field_0-container\" class=\"wpforms-field wpforms-field-name\" data-field-id=\"0\"><label class=\"wpforms-field-label\" for=\"wpforms-89-field_0\">Ime in priimek <span class=\"wpforms-required-label\" aria-hidden=\"true\">*<\/span><\/label><input type=\"text\" id=\"wpforms-89-field_0\" class=\"wpforms-field-medium wpforms-field-required\" name=\"wpforms[fields][0]\" aria-errormessage=\"wpforms-89-field_0-error\" required><\/div><div id=\"wpforms-89-field_6-container\" class=\"wpforms-field wpforms-field-text\" data-field-id=\"6\"><label class=\"wpforms-field-label\" for=\"wpforms-89-field_6\">Ime in priimek star\u0161a ali skrbnika <span class=\"wpforms-required-label\" aria-hidden=\"true\">*<\/span><\/label><input type=\"text\" id=\"wpforms-89-field_6\" class=\"wpforms-field-medium wpforms-field-required\" name=\"wpforms[fields][6]\" aria-errormessage=\"wpforms-89-field_6-error\" aria-describedby=\"wpforms-89-field_6-description\" required><div id=\"wpforms-89-field_6-description\" class=\"wpforms-field-description\">Obvezno vpi\u0161ite ime star\u0161a ali skrbnika<\/div><\/div><div id=\"wpforms-89-field_4-container\" class=\"wpforms-field wpforms-field-text\" data-field-id=\"4\"><label class=\"wpforms-field-label\" for=\"wpforms-89-field_4\">Stalni naslov <span class=\"wpforms-required-label\" aria-hidden=\"true\">*<\/span><\/label><input type=\"text\" id=\"wpforms-89-field_4\" class=\"wpforms-field-medium wpforms-field-required\" name=\"wpforms[fields][4]\" aria-errormessage=\"wpforms-89-field_4-error\" aria-describedby=\"wpforms-89-field_4-description\" required><div id=\"wpforms-89-field_4-description\" class=\"wpforms-field-description\">\u010ce imate tudi za\u010dasni naslov ga vpi\u0161ite in ju lo\u010dite z vejico.<\/div><\/div><div id=\"wpforms-89-field_1-container\" class=\"wpforms-field wpforms-field-email\" data-field-id=\"1\"><label class=\"wpforms-field-label\" for=\"wpforms-89-field_1\">E-po\u0161tni naslov <span class=\"wpforms-required-label\" aria-hidden=\"true\">*<\/span><\/label><input type=\"email\" id=\"wpforms-89-field_1\" class=\"wpforms-field-medium wpforms-field-required\" name=\"wpforms[fields][1]\" spellcheck=\"false\" aria-errormessage=\"wpforms-89-field_1-error\" aria-describedby=\"wpforms-89-field_1-description\" required><div id=\"wpforms-89-field_1-description\" class=\"wpforms-field-description\">Vpi\u0161ite svoj po\u0161tni naslov<\/div><\/div><div id=\"wpforms-89-field_3-container\" class=\"wpforms-field wpforms-field-number\" data-field-id=\"3\"><label class=\"wpforms-field-label\" for=\"wpforms-89-field_3\">Telefonska \u0161tevilka <span class=\"wpforms-required-label\" aria-hidden=\"true\">*<\/span><\/label><input type=\"number\" id=\"wpforms-89-field_3\" class=\"wpforms-field-small wpforms-field-required\" name=\"wpforms[fields][3]\" step=\"any\" aria-errormessage=\"wpforms-89-field_3-error\" aria-describedby=\"wpforms-89-field_3-description\" required><div id=\"wpforms-89-field_3-description\" class=\"wpforms-field-description\">Za mladoletne je potrebno vpisati telefonsko \u0161tevilko star\u0161a ali skrbnika.<\/div><\/div><div id=\"wpforms-89-field_5-container\" class=\"wpforms-field wpforms-field-checkbox\" data-field-id=\"5\"><fieldset><legend class=\"wpforms-field-label\">Checkboxes <span class=\"wpforms-required-label\" aria-hidden=\"true\">*<\/span><\/legend><ul id=\"wpforms-89-field_5\" class=\"wpforms-field-required\"><li class=\"choice-1 depth-1\"><input type=\"checkbox\" id=\"wpforms-89-field_5_1\" name=\"wpforms[fields][5][]\" value=\"\u017delim postati ambasador programa Za\u0161\u010ditnik\" aria-errormessage=\"wpforms-89-field_5_1-error\" required ><label class=\"wpforms-field-label-inline\" for=\"wpforms-89-field_5_1\">\u017delim postati ambasador programa Za\u0161\u010ditnik<\/label><\/li><li class=\"choice-2 depth-1\"><input type=\"checkbox\" id=\"wpforms-89-field_5_2\" name=\"wpforms[fields][5][]\" value=\"Zavezujem se, da \u010de bom sprejet kot ambasador, da bom deloval skladno s pravilniki Varnostnega zdru\u017eenja Slovenije in pravili programa ZA\u0160\u010cITNIK\" aria-errormessage=\"wpforms-89-field_5_2-error\" required ><label class=\"wpforms-field-label-inline\" for=\"wpforms-89-field_5_2\">Zavezujem se, da \u010de bom sprejet kot ambasador, da bom deloval skladno s pravilniki Varnostnega zdru\u017eenja Slovenije in pravili programa ZA\u0160\u010cITNIK<\/label><\/li><li class=\"choice-3 depth-1\"><input type=\"checkbox\" id=\"wpforms-89-field_5_3\" name=\"wpforms[fields][5][]\" value=\"\u017delim sodelovati pri razli\u010dnih dejavnosti programa ZA\u0160\u010cITNIK\" aria-errormessage=\"wpforms-89-field_5_3-error\" required ><label class=\"wpforms-field-label-inline\" for=\"wpforms-89-field_5_3\">\u017delim sodelovati pri razli\u010dnih dejavnosti programa ZA\u0160\u010cITNIK<\/label><\/li><\/ul><\/fieldset><\/div><div id=\"wpforms-89-field_2-container\" class=\"wpforms-field wpforms-field-textarea\" data-field-id=\"2\"><label class=\"wpforms-field-label\" for=\"wpforms-89-field_2\">Comment or Message<\/label><textarea id=\"wpforms-89-field_2\" class=\"wpforms-field-medium\" name=\"wpforms[fields][2]\" aria-errormessage=\"wpforms-89-field_2-error\" ><\/textarea><\/div><\/div><!-- .wpforms-field-container --><div class=\"wpforms-submit-container\" ><input type=\"hidden\" name=\"wpforms[id]\" value=\"89\"><input type=\"hidden\" name=\"page_title\" value=\"\"><input type=\"hidden\" name=\"page_url\" value=\"https:\/\/www.zascitnik.si\/index.php\/wp-json\/wp\/v2\/pages\/59\"><input type=\"hidden\" name=\"url_referer\" value=\"\"><button type=\"submit\" name=\"wpforms[submit]\" id=\"wpforms-submit-89\" class=\"wpforms-submit\" data-alt-text=\"Po\u0161iljanje...\" data-submit-text=\"Po\u0161lji prijavo\" aria-live=\"assertive\" value=\"wpforms-submit\">Po\u0161lji prijavo<\/button><img loading=\"lazy\" decoding=\"async\" src=\"https:\/\/www.zascitnik.si\/wp-content\/plugins\/wpforms-lite\/assets\/images\/submit-spin.svg\" class=\"wpforms-submit-spinner\" style=\"display: none;\" width=\"26\" height=\"26\" alt=\"Loading\"><\/div><\/form><\/div>  <!-- .wpforms-container -->","protected":false},"excerpt":{"rendered":"<p>Postani Junior AMBASADOR in pomagaj pri promociji projekta Za\u0161\u010ditnik. Biti ambasador je izjemno pomembna in predvsem \u010dastna naloga, ki jo opravlja nekdo,<\/p>\n<p class=\"link-more\"><a class=\"myButt \" href=\"https:\/\/www.zascitnik.si\/index.php\/junior-ambasadorji\/\">Read More<\/a><\/p>\n","protected":false},"author":2,"featured_media":0,"parent":0,"menu_order":0,"comment_status":"closed","ping_status":"closed","template":"","meta":{"footnotes":""},"class_list":["post-59","page","type-page","status-publish","hentry"],"_links":{"self":[{"href":"https:\/\/www.zascitnik.si\/index.php\/wp-json\/wp\/v2\/pages\/59","targetHints":{"allow":["GET"]}}],"collection":[{"href":"https:\/\/www.zascitnik.si\/index.php\/wp-json\/wp\/v2\/pages"}],"about":[{"href":"https:\/\/www.zascitnik.si\/index.php\/wp-json\/wp\/v2\/types\/page"}],"author":[{"embeddable":true,"href":"https:\/\/www.zascitnik.si\/index.php\/wp-json\/wp\/v2\/users\/2"}],"replies":[{"embeddable":true,"href":"https:\/\/www.zascitnik.si\/index.php\/wp-json\/wp\/v2\/comments?post=59"}],"version-history":[{"count":5,"href":"https:\/\/www.zascitnik.si\/index.php\/wp-json\/wp\/v2\/pages\/59\/revisions"}],"predecessor-version":[{"id":126,"href":"https:\/\/www.zascitnik.si\/index.php\/wp-json\/wp\/v2\/pages\/59\/revisions\/126"}],"wp:attachment":[{"href":"https:\/\/www.zascitnik.si\/index.php\/wp-json\/wp\/v2\/media?parent=59"}],"curies":[{"name":"wp","href":"https:\/\/api.w.org\/{rel}","templated":true}]}}