{"id":72,"date":"2023-06-01T07:49:09","date_gmt":"2023-06-01T05:49:09","guid":{"rendered":"https:\/\/www.zascitnik.si\/?page_id=72"},"modified":"2023-06-14T07:52:05","modified_gmt":"2023-06-14T05:52:05","slug":"ambasadorji-2","status":"publish","type":"page","link":"https:\/\/www.zascitnik.si\/index.php\/ambasadorji-2\/","title":{"rendered":"AMBASADORJI"},"content":{"rendered":"\n<div class=\"wp-block-media-text alignwide is-stacked-on-mobile\" style=\"grid-template-columns:22% auto\"><figure class=\"wp-block-media-text__media\"><img loading=\"lazy\" decoding=\"async\" width=\"540\" height=\"726\" src=\"https:\/\/www.zascitnik.si\/wp-content\/uploads\/2023\/06\/AMBASADORJI.jpg\" alt=\"\" class=\"wp-image-73 size-full\" srcset=\"https:\/\/www.zascitnik.si\/wp-content\/uploads\/2023\/06\/AMBASADORJI.jpg 540w, https:\/\/www.zascitnik.si\/wp-content\/uploads\/2023\/06\/AMBASADORJI-223x300.jpg 223w\" sizes=\"auto, (max-width: 540px) 100vw, 540px\" \/><\/figure><div class=\"wp-block-media-text__content\">\n<p>Postani AMBASADOR in pomagaj pri promociji projekta Za\u0161\u010ditnik. Biti ambasador je izjemno pomembna in predvsem \u010dastna naloga, ki ga opravlja nekdo, ki je odgovoren in se zaveda, da bo s svojim po\u010detjem pomagal za dobrobit vseh in ustvarjal bolj\u0161i jutri.<\/p>\n\n\n\n<p>Kot Ambasadorka ali Ambasador bo\u0161 pomagala &#8211; pomagal Junior ambasadorjem in v svojem lokalnem okolju opozarjala &#8211; opozarjal na nevarnosti trgovine z ljudmi. Prav tako bo\u0161 vabljena &#8211; vabljen na skupne sestanke ambasadorjev, kjer se usklajuje delo vseh ambasadorjev.<\/p>\n\n\n\n<p><em>(\u010de \u0161e nisi polnoletna &#8211; polnoleten): Da lahko postane\u0161 ambasadorka ali ambasador, potrebujemo soglasje star\u0161ev ali skrbnikov. Z njihovim dovoljenjem bo na tej strani objavljena tudi tvoja osebna fotografija s pripisom imena in priimka.<\/em><\/p>\n<\/div><\/div>\n\n\n<div class=\"wpforms-container wpforms-container-full wpforms-block wpforms-block-a3f48dfa-f9b9-403c-9e44-e3de9912e55e wpforms-render-modern\" id=\"wpforms-89\"><form id=\"wpforms-form-89\" class=\"wpforms-validate wpforms-form wpforms-ajax-form\" data-formid=\"89\" method=\"post\" enctype=\"multipart\/form-data\" action=\"\/index.php\/wp-json\/wp\/v2\/pages\/72\" data-token=\"6cb94bffda25a21356f602ebc78dfcb0\" data-token-time=\"1777520829\"><noscript class=\"wpforms-error-noscript\">Please enable JavaScript in your browser to complete this form.<\/noscript><div id=\"wpforms-error-noscript\" style=\"display: none;\">Please enable JavaScript in your browser to complete this form.<\/div><div class=\"wpforms-field-container\"><div id=\"wpforms-89-field_0-container\" class=\"wpforms-field wpforms-field-name\" data-field-id=\"0\"><label class=\"wpforms-field-label\" for=\"wpforms-89-field_0\">Ime in priimek <span class=\"wpforms-required-label\" aria-hidden=\"true\">*<\/span><\/label><input type=\"text\" id=\"wpforms-89-field_0\" class=\"wpforms-field-medium wpforms-field-required\" name=\"wpforms[fields][0]\" aria-errormessage=\"wpforms-89-field_0-error\" required><\/div><div id=\"wpforms-89-field_6-container\" class=\"wpforms-field wpforms-field-text\" data-field-id=\"6\"><label class=\"wpforms-field-label\" for=\"wpforms-89-field_6\">Ime in priimek star\u0161a ali skrbnika <span class=\"wpforms-required-label\" aria-hidden=\"true\">*<\/span><\/label><input type=\"text\" id=\"wpforms-89-field_6\" class=\"wpforms-field-medium wpforms-field-required\" name=\"wpforms[fields][6]\" aria-errormessage=\"wpforms-89-field_6-error\" aria-describedby=\"wpforms-89-field_6-description\" required><div id=\"wpforms-89-field_6-description\" class=\"wpforms-field-description\">Obvezno vpi\u0161ite ime star\u0161a ali skrbnika<\/div><\/div><div id=\"wpforms-89-field_4-container\" class=\"wpforms-field wpforms-field-text\" data-field-id=\"4\"><label class=\"wpforms-field-label\" for=\"wpforms-89-field_4\">Stalni naslov <span class=\"wpforms-required-label\" aria-hidden=\"true\">*<\/span><\/label><input type=\"text\" id=\"wpforms-89-field_4\" class=\"wpforms-field-medium wpforms-field-required\" name=\"wpforms[fields][4]\" aria-errormessage=\"wpforms-89-field_4-error\" aria-describedby=\"wpforms-89-field_4-description\" required><div id=\"wpforms-89-field_4-description\" class=\"wpforms-field-description\">\u010ce imate tudi za\u010dasni naslov ga vpi\u0161ite in ju lo\u010dite z vejico.<\/div><\/div><div id=\"wpforms-89-field_1-container\" class=\"wpforms-field wpforms-field-email\" data-field-id=\"1\"><label class=\"wpforms-field-label\" for=\"wpforms-89-field_1\">E-po\u0161tni naslov <span class=\"wpforms-required-label\" aria-hidden=\"true\">*<\/span><\/label><input type=\"email\" id=\"wpforms-89-field_1\" class=\"wpforms-field-medium wpforms-field-required\" name=\"wpforms[fields][1]\" spellcheck=\"false\" aria-errormessage=\"wpforms-89-field_1-error\" aria-describedby=\"wpforms-89-field_1-description\" required><div id=\"wpforms-89-field_1-description\" class=\"wpforms-field-description\">Vpi\u0161ite svoj po\u0161tni naslov<\/div><\/div><div id=\"wpforms-89-field_3-container\" class=\"wpforms-field wpforms-field-number\" data-field-id=\"3\"><label class=\"wpforms-field-label\" for=\"wpforms-89-field_3\">Telefonska \u0161tevilka <span class=\"wpforms-required-label\" aria-hidden=\"true\">*<\/span><\/label><input type=\"number\" id=\"wpforms-89-field_3\" class=\"wpforms-field-small wpforms-field-required\" name=\"wpforms[fields][3]\" step=\"any\" aria-errormessage=\"wpforms-89-field_3-error\" aria-describedby=\"wpforms-89-field_3-description\" required><div id=\"wpforms-89-field_3-description\" class=\"wpforms-field-description\">Za mladoletne je potrebno vpisati telefonsko \u0161tevilko star\u0161a ali skrbnika.<\/div><\/div><div id=\"wpforms-89-field_5-container\" class=\"wpforms-field wpforms-field-checkbox\" data-field-id=\"5\"><fieldset><legend class=\"wpforms-field-label\">Checkboxes <span class=\"wpforms-required-label\" aria-hidden=\"true\">*<\/span><\/legend><ul id=\"wpforms-89-field_5\" class=\"wpforms-field-required\"><li class=\"choice-1 depth-1\"><input type=\"checkbox\" id=\"wpforms-89-field_5_1\" name=\"wpforms[fields][5][]\" value=\"\u017delim postati ambasador programa Za\u0161\u010ditnik\" aria-errormessage=\"wpforms-89-field_5_1-error\" required ><label class=\"wpforms-field-label-inline\" for=\"wpforms-89-field_5_1\">\u017delim postati ambasador programa Za\u0161\u010ditnik<\/label><\/li><li class=\"choice-2 depth-1\"><input type=\"checkbox\" id=\"wpforms-89-field_5_2\" name=\"wpforms[fields][5][]\" value=\"Zavezujem se, da \u010de bom sprejet kot ambasador, da bom deloval skladno s pravilniki Varnostnega zdru\u017eenja Slovenije in pravili programa ZA\u0160\u010cITNIK\" aria-errormessage=\"wpforms-89-field_5_2-error\" required ><label class=\"wpforms-field-label-inline\" for=\"wpforms-89-field_5_2\">Zavezujem se, da \u010de bom sprejet kot ambasador, da bom deloval skladno s pravilniki Varnostnega zdru\u017eenja Slovenije in pravili programa ZA\u0160\u010cITNIK<\/label><\/li><li class=\"choice-3 depth-1\"><input type=\"checkbox\" id=\"wpforms-89-field_5_3\" name=\"wpforms[fields][5][]\" value=\"\u017delim sodelovati pri razli\u010dnih dejavnosti programa ZA\u0160\u010cITNIK\" aria-errormessage=\"wpforms-89-field_5_3-error\" required ><label class=\"wpforms-field-label-inline\" for=\"wpforms-89-field_5_3\">\u017delim sodelovati pri razli\u010dnih dejavnosti programa ZA\u0160\u010cITNIK<\/label><\/li><\/ul><\/fieldset><\/div><div id=\"wpforms-89-field_2-container\" class=\"wpforms-field wpforms-field-textarea\" data-field-id=\"2\"><label class=\"wpforms-field-label\" for=\"wpforms-89-field_2\">Comment or Message<\/label><textarea id=\"wpforms-89-field_2\" class=\"wpforms-field-medium\" name=\"wpforms[fields][2]\" aria-errormessage=\"wpforms-89-field_2-error\" ><\/textarea><\/div><\/div><!-- .wpforms-field-container --><div class=\"wpforms-submit-container\" ><input type=\"hidden\" name=\"wpforms[id]\" value=\"89\"><input type=\"hidden\" name=\"page_title\" value=\"\"><input type=\"hidden\" name=\"page_url\" value=\"https:\/\/www.zascitnik.si\/index.php\/wp-json\/wp\/v2\/pages\/72\"><input type=\"hidden\" name=\"url_referer\" value=\"\"><button type=\"submit\" name=\"wpforms[submit]\" id=\"wpforms-submit-89\" class=\"wpforms-submit\" data-alt-text=\"Po\u0161iljanje...\" data-submit-text=\"Po\u0161lji prijavo\" aria-live=\"assertive\" value=\"wpforms-submit\">Po\u0161lji prijavo<\/button><img loading=\"lazy\" decoding=\"async\" src=\"https:\/\/www.zascitnik.si\/wp-content\/plugins\/wpforms-lite\/assets\/images\/submit-spin.svg\" class=\"wpforms-submit-spinner\" style=\"display: none;\" width=\"26\" height=\"26\" alt=\"Loading\"><\/div><\/form><\/div>  <!-- .wpforms-container -->","protected":false},"excerpt":{"rendered":"<p>Postani AMBASADOR in pomagaj pri promociji projekta Za\u0161\u010ditnik. Biti ambasador je izjemno pomembna in predvsem \u010dastna naloga, ki ga opravlja nekdo, ki<\/p>\n<p class=\"link-more\"><a class=\"myButt \" href=\"https:\/\/www.zascitnik.si\/index.php\/ambasadorji-2\/\">Read More<\/a><\/p>\n","protected":false},"author":2,"featured_media":0,"parent":0,"menu_order":0,"comment_status":"closed","ping_status":"closed","template":"","meta":{"footnotes":""},"class_list":["post-72","page","type-page","status-publish","hentry"],"_links":{"self":[{"href":"https:\/\/www.zascitnik.si\/index.php\/wp-json\/wp\/v2\/pages\/72","targetHints":{"allow":["GET"]}}],"collection":[{"href":"https:\/\/www.zascitnik.si\/index.php\/wp-json\/wp\/v2\/pages"}],"about":[{"href":"https:\/\/www.zascitnik.si\/index.php\/wp-json\/wp\/v2\/types\/page"}],"author":[{"embeddable":true,"href":"https:\/\/www.zascitnik.si\/index.php\/wp-json\/wp\/v2\/users\/2"}],"replies":[{"embeddable":true,"href":"https:\/\/www.zascitnik.si\/index.php\/wp-json\/wp\/v2\/comments?post=72"}],"version-history":[{"count":3,"href":"https:\/\/www.zascitnik.si\/index.php\/wp-json\/wp\/v2\/pages\/72\/revisions"}],"predecessor-version":[{"id":117,"href":"https:\/\/www.zascitnik.si\/index.php\/wp-json\/wp\/v2\/pages\/72\/revisions\/117"}],"wp:attachment":[{"href":"https:\/\/www.zascitnik.si\/index.php\/wp-json\/wp\/v2\/media?parent=72"}],"curies":[{"name":"wp","href":"https:\/\/api.w.org\/{rel}","templated":true}]}}