{"id":81,"date":"2023-06-01T11:06:51","date_gmt":"2023-06-01T09:06:51","guid":{"rendered":"https:\/\/www.zascitnik.si\/?page_id=81"},"modified":"2025-01-17T13:52:53","modified_gmt":"2025-01-17T11:52:53","slug":"predavanja","status":"publish","type":"page","link":"https:\/\/www.zascitnik.si\/index.php\/predavanja\/","title":{"rendered":"PREDAVANJA"},"content":{"rendered":"\n<div class=\"wp-block-media-text alignwide is-stacked-on-mobile\"><figure class=\"wp-block-media-text__media\"><img loading=\"lazy\" decoding=\"async\" width=\"610\" height=\"300\" src=\"https:\/\/www.zascitnik.si\/wp-content\/uploads\/2023\/06\/seminar1.jpg\" alt=\"\" class=\"wp-image-82 size-full\" srcset=\"https:\/\/www.zascitnik.si\/wp-content\/uploads\/2023\/06\/seminar1.jpg 610w, https:\/\/www.zascitnik.si\/wp-content\/uploads\/2023\/06\/seminar1-300x148.jpg 300w\" sizes=\"auto, (max-width: 610px) 100vw, 610px\" \/><\/figure><div class=\"wp-block-media-text__content\">\n<p>Predavanja na temo prepre\u010devanje trgovine z ljudmi so izjemno pomembna in so glavno vodilo programa <a href=\"https:\/\/www.zascitnik.si\/\" data-type=\"page\" data-id=\"2\">ZA\u0160\u010cITNIK<\/a>. \u0160irjenje znanja in zavedanja, kako velik dru\u017ebeni problem je trgovina z ljudmi je klju\u010dnega pomena, da se bomo la\u017eje borili proti tej kruti ilegalni dejavnosti, ki ljudi zaznamuje za celo \u017eivljenje.<\/p>\n\n\n\n<p class=\"has-text-align-center has-vivid-red-color has-text-color has-background has-medium-font-size\" style=\"background:linear-gradient(103deg,rgb(238,238,238) 0%,rgb(169,184,195) 100%)\">\u010ce \u017eelite, da predavanje izvedemo pri vas, vas prosimo, da izpolnite prilo\u017een obrazec. Ostanite varni.<\/p>\n\n\n<a style=\"display: inline-block; box-sizing: border-box; border-radius: 5px;color: white !important; width: auto; text-align: center !important; font-size: 24px !important; font-weight: bold !important; padding: 15px 20px !important;text-decoration: none !important;background: #269041 !important;\" class=\"wp-call-button-in-btn\" href=\"tel:+38670224400\"><span>Pokli\u010dite nas<\/span><\/a>\n<\/div><\/div>\n\n\n<div class=\"wpforms-container wpforms-container-full wpforms-block wpforms-block-4b83d243-23f5-4086-beaf-070f566e0597 wpforms-render-modern\" id=\"wpforms-66\"><form id=\"wpforms-form-66\" class=\"wpforms-validate wpforms-form wpforms-ajax-form\" data-formid=\"66\" method=\"post\" enctype=\"multipart\/form-data\" action=\"\/index.php\/wp-json\/wp\/v2\/pages\/81\" data-token=\"f9c518491e0d211ae947bf11c8769daa\" data-token-time=\"1777516266\"><noscript class=\"wpforms-error-noscript\">Please enable JavaScript in your browser to complete this form.<\/noscript><div id=\"wpforms-error-noscript\" style=\"display: none;\">Please enable JavaScript in your browser to complete this form.<\/div><div class=\"wpforms-field-container\"><div id=\"wpforms-66-field_0-container\" class=\"wpforms-field wpforms-field-name\" data-field-id=\"0\"><fieldset><legend class=\"wpforms-field-label\">Ime in Priimek \/ Naziv <span class=\"wpforms-required-label\" aria-hidden=\"true\">*<\/span><\/legend><div class=\"wpforms-field-row wpforms-field-large\"><div class=\"wpforms-field-row-block wpforms-first wpforms-one-half\"><input type=\"text\" id=\"wpforms-66-field_0\" class=\"wpforms-field-name-first wpforms-field-required\" name=\"wpforms[fields][0][first]\" placeholder=\"Ime\" aria-errormessage=\"wpforms-66-field_0-error\" required><label for=\"wpforms-66-field_0\" class=\"wpforms-field-sublabel after wpforms-sublabel-hide\">First<\/label><\/div><div class=\"wpforms-field-row-block wpforms-one-half\"><input type=\"text\" id=\"wpforms-66-field_0-last\" class=\"wpforms-field-name-last wpforms-field-required\" name=\"wpforms[fields][0][last]\" placeholder=\"Priimek\" aria-errormessage=\"wpforms-66-field_0-last-error\" required><label for=\"wpforms-66-field_0-last\" class=\"wpforms-field-sublabel after wpforms-sublabel-hide\">Last<\/label><\/div><\/div><\/fieldset><\/div><div id=\"wpforms-66-field_1-container\" class=\"wpforms-field wpforms-field-email\" data-field-id=\"1\"><label class=\"wpforms-field-label\" for=\"wpforms-66-field_1\">E &#8211; po\u0161ta <span class=\"wpforms-required-label\" aria-hidden=\"true\">*<\/span><\/label><input type=\"email\" id=\"wpforms-66-field_1\" class=\"wpforms-field-medium wpforms-field-required\" name=\"wpforms[fields][1]\" placeholder=\"primer@zascitnik.si\" spellcheck=\"false\" aria-errormessage=\"wpforms-66-field_1-error\" required><\/div><div id=\"wpforms-66-field_5-container\" class=\"wpforms-field wpforms-field-text\" data-field-id=\"5\"><label class=\"wpforms-field-label\" for=\"wpforms-66-field_5\">Zadeva<\/label><input type=\"text\" id=\"wpforms-66-field_5\" class=\"wpforms-field-medium\" name=\"wpforms[fields][5]\" aria-errormessage=\"wpforms-66-field_5-error\" ><\/div><div id=\"wpforms-66-field_6-container\" class=\"wpforms-field wpforms-field-text\" data-field-id=\"6\"><label class=\"wpforms-field-label\" for=\"wpforms-66-field_6\">Va\u0161a lokacija <span class=\"wpforms-required-label\" aria-hidden=\"true\">*<\/span><\/label><input type=\"text\" id=\"wpforms-66-field_6\" class=\"wpforms-field-medium wpforms-field-required\" name=\"wpforms[fields][6]\" placeholder=\"Navedite kraj, mesto. V tem koraku ne potrebujemo celotnega naslova\" aria-errormessage=\"wpforms-66-field_6-error\" required><\/div><div id=\"wpforms-66-field_7-container\" class=\"wpforms-field wpforms-field-radio\" data-field-id=\"7\"><fieldset><legend class=\"wpforms-field-label\">Kdo bo poslu\u0161al predavanje?<\/legend><ul id=\"wpforms-66-field_7\"><li class=\"choice-1 depth-1\"><input type=\"radio\" id=\"wpforms-66-field_7_1\" name=\"wpforms[fields][7]\" value=\"Osnovna \u0161ola - otroci\" aria-errormessage=\"wpforms-66-field_7_1-error\"  ><label class=\"wpforms-field-label-inline\" for=\"wpforms-66-field_7_1\">Osnovna \u0161ola &#8211; otroci<\/label><\/li><li class=\"choice-2 depth-1\"><input type=\"radio\" id=\"wpforms-66-field_7_2\" name=\"wpforms[fields][7]\" value=\"Srednja \u0161ola - mladina\" aria-errormessage=\"wpforms-66-field_7_2-error\"  ><label class=\"wpforms-field-label-inline\" for=\"wpforms-66-field_7_2\">Srednja \u0161ola &#8211; mladina<\/label><\/li><li class=\"choice-3 depth-1\"><input type=\"radio\" id=\"wpforms-66-field_7_3\" name=\"wpforms[fields][7]\" value=\"\u0160tudentje\" aria-errormessage=\"wpforms-66-field_7_3-error\"  ><label class=\"wpforms-field-label-inline\" for=\"wpforms-66-field_7_3\">\u0160tudentje<\/label><\/li><li class=\"choice-4 depth-1\"><input type=\"radio\" id=\"wpforms-66-field_7_4\" name=\"wpforms[fields][7]\" value=\"Zaposleni v podjetju\" aria-errormessage=\"wpforms-66-field_7_4-error\"  ><label class=\"wpforms-field-label-inline\" for=\"wpforms-66-field_7_4\">Zaposleni v podjetju<\/label><\/li><li class=\"choice-5 depth-1\"><input type=\"radio\" id=\"wpforms-66-field_7_5\" name=\"wpforms[fields][7]\" value=\"Ob\u010dina, mestne \u010detrti in krajevne skupnosti\" aria-errormessage=\"wpforms-66-field_7_5-error\"  ><label class=\"wpforms-field-label-inline\" for=\"wpforms-66-field_7_5\">Ob\u010dina, mestne \u010detrti in krajevne skupnosti<\/label><\/li><li class=\"choice-6 depth-1\"><input type=\"radio\" id=\"wpforms-66-field_7_6\" name=\"wpforms[fields][7]\" value=\"Dru\u0161tvo, klubi, zdru\u017eenja, zasebni zavodi\" aria-errormessage=\"wpforms-66-field_7_6-error\"  ><label class=\"wpforms-field-label-inline\" for=\"wpforms-66-field_7_6\">Dru\u0161tvo, klubi, zdru\u017eenja, zasebni zavodi<\/label><\/li><\/ul><\/fieldset><\/div><div id=\"wpforms-66-field_2-container\" class=\"wpforms-field wpforms-field-textarea\" data-field-id=\"2\"><label class=\"wpforms-field-label\" for=\"wpforms-66-field_2\">Dodatno sporo\u010dilo za Za\u0161\u010ditnika<\/label><textarea id=\"wpforms-66-field_2\" class=\"wpforms-field-medium\" name=\"wpforms[fields][2]\" placeholder=\"Nam \u017eelite sporo\u010diti \u0161e kaj?\" aria-errormessage=\"wpforms-66-field_2-error\" ><\/textarea><\/div><\/div><!-- .wpforms-field-container --><div class=\"wpforms-submit-container\" ><input type=\"hidden\" name=\"wpforms[id]\" value=\"66\"><input type=\"hidden\" name=\"page_title\" value=\"\"><input type=\"hidden\" name=\"page_url\" value=\"https:\/\/www.zascitnik.si\/index.php\/wp-json\/wp\/v2\/pages\/81\"><input type=\"hidden\" name=\"url_referer\" value=\"\"><button type=\"submit\" name=\"wpforms[submit]\" id=\"wpforms-submit-66\" class=\"wpforms-submit\" data-alt-text=\"Sending...\" data-submit-text=\"Submit\" aria-live=\"assertive\" value=\"wpforms-submit\">Submit<\/button><img loading=\"lazy\" decoding=\"async\" src=\"https:\/\/www.zascitnik.si\/wp-content\/plugins\/wpforms-lite\/assets\/images\/submit-spin.svg\" class=\"wpforms-submit-spinner\" style=\"display: none;\" width=\"26\" height=\"26\" alt=\"Loading\"><\/div><\/form><\/div>  <!-- .wpforms-container -->","protected":false},"excerpt":{"rendered":"","protected":false},"author":2,"featured_media":0,"parent":0,"menu_order":0,"comment_status":"closed","ping_status":"closed","template":"","meta":{"footnotes":""},"class_list":["post-81","page","type-page","status-publish","hentry"],"_links":{"self":[{"href":"https:\/\/www.zascitnik.si\/index.php\/wp-json\/wp\/v2\/pages\/81","targetHints":{"allow":["GET"]}}],"collection":[{"href":"https:\/\/www.zascitnik.si\/index.php\/wp-json\/wp\/v2\/pages"}],"about":[{"href":"https:\/\/www.zascitnik.si\/index.php\/wp-json\/wp\/v2\/types\/page"}],"author":[{"embeddable":true,"href":"https:\/\/www.zascitnik.si\/index.php\/wp-json\/wp\/v2\/users\/2"}],"replies":[{"embeddable":true,"href":"https:\/\/www.zascitnik.si\/index.php\/wp-json\/wp\/v2\/comments?post=81"}],"version-history":[{"count":5,"href":"https:\/\/www.zascitnik.si\/index.php\/wp-json\/wp\/v2\/pages\/81\/revisions"}],"predecessor-version":[{"id":133,"href":"https:\/\/www.zascitnik.si\/index.php\/wp-json\/wp\/v2\/pages\/81\/revisions\/133"}],"wp:attachment":[{"href":"https:\/\/www.zascitnik.si\/index.php\/wp-json\/wp\/v2\/media?parent=81"}],"curies":[{"name":"wp","href":"https:\/\/api.w.org\/{rel}","templated":true}]}}